
{"id":128,"date":"2022-03-23T14:43:33","date_gmt":"2022-03-23T14:43:33","guid":{"rendered":"https:\/\/taxigeorgioupolis.com\/colibri-wp\/"},"modified":"2023-03-23T14:15:38","modified_gmt":"2023-03-23T14:15:38","slug":"home","status":"publish","type":"page","link":"https:\/\/taxigeorgioupolis.com\/de\/","title":{"rendered":"Startseite"},"content":{"rendered":"<h3>\u00dcber uns<\/h3>\n<p>Das Taxi-Unternehmen (Sygelos) ist ein Familienbetrieb, der 1974 von meinem Vater Iosif Syggelakis mit viel M\u00fche und Leidenschaft gegr\u00fcndet wurde. Es war das erste und einzige Taxi in Georgioupolis. Es begann mit einem Taxi und einer Menge Appetit, um jeden Tag unz\u00e4hlige Kunden zu bedienen. Im Jahr 2011 ging das Unternehmen in meine H\u00e4nde \u00fcber, wo ich mit demselben Eifer und derselben Stimmung in seine Fu\u00dfstapfen trete, meinen Beruf weiterentwickle und unseren Fuhrpark erweitere, da wir derzeit \u00fcber 2 Taxis und 1 Minivan verf\u00fcgen.<\/p>\n<p>\t\t\t\t\t<a href=\"https:\/\/www.tripadvisor.co.uk\/Attraction_Review-g1175542-d7021314-Reviews-Taxi_Georgioupolis_Xristos_Sigelakis-Georgioupolis_Apokoronas_Chania_Prefecture_.html\" target=\"_blank\" rel=\"noopener\"><br \/>\n\t\t\t\t\t\t\t\t\t\t\t\t\t<img decoding=\"async\" src=\"https:\/\/taxigeorgioupolis.com\/wp-content\/uploads\/2022\/07\/Tripadvisor.png\" alt=\"\"><br \/>\n\t\t\t\t\t\t\t\t\t\t\t<\/a><br \/>\n\t\t\t\t\t<a href=\"https:\/\/www.tripadvisor.co.uk\/Attraction_Review-g1175542-d7021314-Reviews-Taxi_Georgioupolis_Xristos_Sigelakis-Georgioupolis_Apokoronas_Chania_Prefecture_.html\" target=\"_blank\" rel=\"noopener\"><br \/>\n\t\t\t\t\t\t\t\t\t\t\t\t\t<img decoding=\"async\" src=\"https:\/\/taxigeorgioupolis.com\/wp-content\/uploads\/2022\/07\/Tripadvisor1.png\" alt=\"\"><br \/>\n\t\t\t\t\t\t\t\t\t\t\t<\/a><\/p>\n<figure><img decoding=\"async\" src=\"https:\/\/taxigeorgioupolis.com\/wp-content\/uploads\/2022\/04\/277443997_377888951011358_3379063031508606782_n-240x300.jpg\" alt=\"277443997_377888951011358_3379063031508606782_n\" \/><\/figure>\n<figure><img decoding=\"async\" src=\"https:\/\/taxigeorgioupolis.com\/wp-content\/uploads\/2022\/04\/277350490_377888944344692_7080766198128917302_n-240x300.jpg\" alt=\"Taxi\" \/><\/figure>\n<figure><img decoding=\"async\" src=\"https:\/\/taxigeorgioupolis.com\/wp-content\/uploads\/2022\/04\/220398346_207854641348124_7647738351158028799_n-225x300.jpg\" alt=\"220398346_207854641348124_7647738351158028799_n\" \/><\/figure>\n<figure><img decoding=\"async\" src=\"https:\/\/taxigeorgioupolis.com\/wp-content\/uploads\/2022\/04\/277534967_381196510680602_668751469673768900_n-240x300.jpg\" alt=\"277534967_381196510680602_668751469673768900_n\" \/><\/figure>\n<figure><img decoding=\"async\" src=\"https:\/\/taxigeorgioupolis.com\/wp-content\/uploads\/2022\/04\/275488990_368195958647324_2726534499736488764_n-240x300.jpg\" alt=\"275488990_368195958647324_2726534499736488764_n\" \/><\/figure>\n<figure><img decoding=\"async\" src=\"https:\/\/taxigeorgioupolis.com\/wp-content\/uploads\/2022\/04\/277588848_388297763303810_1031002150337495662_n-240x300.jpg\" alt=\"277588848_388297763303810_1031002150337495662_n\" \/><\/figure>\n<figure><img decoding=\"async\" src=\"https:\/\/taxigeorgioupolis.com\/wp-content\/uploads\/2022\/04\/277584646_381196514013935_7379270758994266170_n-240x300.jpg\" alt=\"277584646_381196514013935_7379270758994266170_n\" \/><\/figure>\n<figure><img decoding=\"async\" src=\"https:\/\/taxigeorgioupolis.com\/wp-content\/uploads\/2022\/04\/277506113_378372907629629_1769509893734938506_n-241x300.jpg\" alt=\"277506113_378372907629629_1769509893734938506_n\" \/><\/figure>\n<p>\t\t\t\t\t\t\t\t\t\t\t\tPrevious<br \/>\n\t\t\t\t\t\t\t\t\t\t\t\tNext<\/p>\n<h3>Dienstleistungen<\/h3>\n<p>\u00a0<\/p>\n<p>In Zusammenarbeit mit meiner Schwester (BALLOS TRAVEL &#8211; ballos.gr) k\u00f6nnen wir organisierte Ausfl\u00fcge mit bis zu 50 Personen anbieten. So k\u00f6nnen wir alle Ihre Bed\u00fcrfnisse in allen m\u00f6glichen Destinationen zu decken. Immer respektvoll und gut informiert, so dass wir mit jeder Situation fertig werden k\u00f6nnen. Abgesehen von den einfachen Routen k\u00f6nnen Sie mit uns die Erfahrung des Tagesausflugs leben, einzigartige Ziele zu entdecken. immer zu Ihrer Verf\u00fcgung, um Sie zu informieren und geben Ihnen n\u00fctzliche Tipps f\u00fcr Ihren Urlaub.<\/p>\n<h4><a href=\"https:\/\/www.ballos.gr\/\" target=\"_blank\" rel=\"noopener\">BALLOS TRAVEL AUSFL\u00dcGE<\/a><\/h4>\n<p>\t\t\t\t\t<a href=\"https:\/\/www.ballos.gr\/excursions\/elafonisos\/\" target=\"_blank\" rel=\"noopener\"><br \/>\n\t\t\t\t\t\t\t\t\t\t\t\t\t<img decoding=\"async\" src=\"https:\/\/taxigeorgioupolis.com\/wp-content\/uploads\/2022\/04\/istockphoto-894986472-612x612-1.jpg\" alt=\"\"><\/p>\n<p>ELAFONISSI<\/p>\n<p>\t\t\t\t\t\t\t\t\t\t\t<\/a><br \/>\n\t\t\t\t\t<a href=\"https:\/\/www.ballos.gr\/walking\/imbros-gorge\/\" target=\"_blank\" rel=\"noopener\"><br \/>\n\t\t\t\t\t\t\t\t\t\t\t\t\t<img decoding=\"async\" src=\"https:\/\/taxigeorgioupolis.com\/wp-content\/uploads\/2022\/04\/IMBROS.jpg\" alt=\"\"><\/p>\n<p>IMBROS GORGE<\/p>\n<p>\t\t\t\t\t\t\t\t\t\t\t<\/a><br \/>\n\t\t\t\t\t<a href=\"https:\/\/www.ballos.gr\/excursions\/balos-gramvousa\/\" target=\"_blank\" rel=\"noopener\"><br \/>\n\t\t\t\t\t\t\t\t\t\t\t\t\t<img decoding=\"async\" src=\"https:\/\/taxigeorgioupolis.com\/wp-content\/uploads\/2022\/04\/BALLOS-1-1024x683.jpg\" alt=\"\"><\/p>\n<p>GRAMVOUSA-BALOS<\/p>\n<p>\t\t\t\t\t\t\t\t\t\t\t<\/a><br \/>\n\t\t\t\t\t<a href=\"https:\/\/www.ballos.gr\/walking\/samaria\/\" target=\"_blank\" rel=\"noopener\"><br \/>\n\t\t\t\t\t\t\t\t\t\t\t\t\t<img decoding=\"async\" src=\"https:\/\/taxigeorgioupolis.com\/wp-content\/uploads\/2022\/04\/SAMARIA.jpg\" alt=\"\"><\/p>\n<p>SAMARIA GORGE<\/p>\n<p>\t\t\t\t\t\t\t\t\t\t\t<\/a><br \/>\n\t\t\t\t\t<a href=\"https:\/\/www.ballos.gr\/excursions\/preveli\/\" target=\"_blank\" rel=\"noopener\"><br \/>\n\t\t\t\t\t\t\t\t\t\t\t\t\t<img decoding=\"async\" src=\"https:\/\/taxigeorgioupolis.com\/wp-content\/uploads\/2022\/04\/preveli.jpg\" alt=\"\"><\/p>\n<p>PREVELI<\/p>\n<p>\t\t\t\t\t\t\t\t\t\t\t<\/a><br \/>\n\t\t\t\t\t<a href=\"https:\/\/www.ballos.gr\/excursions\/knossos\/\" target=\"_blank\" rel=\"noopener\"><br \/>\n\t\t\t\t\t\t\t\t\t\t\t\t\t<img decoding=\"async\" src=\"https:\/\/taxigeorgioupolis.com\/wp-content\/uploads\/2022\/04\/knossos.jpg\" alt=\"\"><\/p>\n<p>KNOSSOS<\/p>\n<p>\t\t\t\t\t\t\t\t\t\t\t<\/a><br \/>\n\t\t\t\t\t<a href=\"https:\/\/www.ballos.gr\/excursions\/botanical-park-chania-town\/\" target=\"_blank\" rel=\"noopener\"><br \/>\n\t\t\t\t\t\t\t\t\t\t\t\t\t<img decoding=\"async\" src=\"https:\/\/taxigeorgioupolis.com\/wp-content\/uploads\/2022\/05\/Botanical-Park-of-Crete-4-1-1024x682.jpg\" alt=\"\"><\/p>\n<p>BOTANICAL PARK<\/p>\n<p>\t\t\t\t\t\t\t\t\t\t\t<\/a><br \/>\n\t\t\t\t\t<button type=\"button\"><\/button><br \/>\n\t\t\t\t\t<button type=\"button\"><\/button><br \/>\n\t\t\t\t\t<a href=\"https:\/\/www.facebook.com\/GEORGIOUPOLIS.CHRISTOS.SIGELOS.TAXI.SERVICE\" target=\"_blank\" rel=\"noopener\"><br \/>\n\t\t\t\t\t\tFacebook<br \/>\n\t\t\t\t\t\t\t\t\t\t\t<\/a><br \/>\n\t\t\t\t\t<a href=\"https:\/\/www.instagram.com\/taxigeorgioupolis\/\" target=\"_blank\" rel=\"noopener\"><br \/>\n\t\t\t\t\t\tInstagram<br \/>\n\t\t\t\t\t\t\t\t\t\t\t<\/a><br \/>\n\t\t\t\t\t<a href=\"https:\/\/wa.me\/306937127429\" target=\"_blank\" rel=\"noopener\"><br \/>\n\t\t\t\t\t\tWhatsapp<br \/>\n\t\t\t\t\t\t\t\t\t\t\t<\/a><br \/>\n\t\t\t\t\t<a href=\"\/\/chat?number=306937127429\" target=\"_blank\" rel=\"noopener\"><br \/>\n\t\t\t\t\t\tViber<br \/>\n\t\t\t\t\t\t\t\t\t\t\t<\/a><br \/>\n\t\t\t\t\t<a href=\"https:\/\/m.me\/xristos.sigelakis\" target=\"_blank\" rel=\"noopener\"><br \/>\n\t\t\t\t\t\tFacebook-messenger<br \/>\n\t\t\t\t\t\t\t\t\t\t\t<\/a><\/p>\n<p>Sicherheit und Hygiene sind f\u00fcr uns gleicherma\u00dfen wichtig, wir sorgen daf\u00fcr, dass unsere Fahrzeuge bequem und sauber sind, damit Ihre Reise angenehm und luxuri\u00f6s ist. Wir sind 24 Stunden am Tag f\u00fcr Sie da. Immer mit L\u00e4cheln, Konsistenz, Verantwortung und Respekt f\u00fcr Ihre Bed\u00fcrfnisse. Wir erleichtern Ihre Kommunikation mit uns, da Sie uns auf finden k\u00f6nnen: Facebook, Instagram, WhatsApp, Viber, Messenger, Telefon. Sie k\u00f6nnen auch das integrierte Buchungsformular auf unserer Website verwenden, indem Sie auf \u201eTaxi buchen\u201c oben auf der Seite klicken.<\/p>\n<p>Wir freuen uns, Ihnen helfen zu k\u00f6nnen! Bleiben Sie Gesund und mit und freundlichen Gr\u00fc\u00dfen, Christos Syggelakis.<\/p>\n<h3>Relevante Links<\/h3>\n<p>\t\t\t\t\t<a href=\"https:\/\/www.crete.gov.gr\/en\/\" target=\"_blank\" rel=\"noopener\"><br \/>\n\t\t\t\t\t\t\t\t\t\t\t\t\t<img decoding=\"async\" src=\"https:\/\/taxigeorgioupolis.com\/wp-content\/uploads\/2022\/05\/crete-island-inside_f-1-150x150.jpg\" alt=\"\"><br \/>\n\t\t\t\t\t\t\t\t\t\t\t<\/a><br \/>\n\t\t\t\t\t<a href=\"https:\/\/www.chania.gr\/\" target=\"_blank\" rel=\"noopener\"><br \/>\n\t\t\t\t\t\t\t\t\t\t\t\t\t<img decoding=\"async\" src=\"https:\/\/taxigeorgioupolis.com\/wp-content\/uploads\/2022\/05\/chania_municipality-150x150.png\" alt=\"\"><br \/>\n\t\t\t\t\t\t\t\t\t\t\t<\/a><br \/>\n\t\t\t\t\t<a href=\"https:\/\/www.winesofcrete.gr\/\" target=\"_blank\" rel=\"noopener\"><br \/>\n\t\t\t\t\t\t\t\t\t\t\t\t\t<img decoding=\"async\" src=\"https:\/\/taxigeorgioupolis.com\/wp-content\/uploads\/2022\/05\/winesofcrete-150x150.png\" alt=\"\"><br \/>\n\t\t\t\t\t\t\t\t\t\t\t<\/a><br \/>\n\t\t\t\t\t<a href=\"https:\/\/cretaquarium.gr\/\" target=\"_blank\" rel=\"noopener\"><br \/>\n\t\t\t\t\t\t\t\t\t\t\t\t\t<img decoding=\"async\" src=\"https:\/\/taxigeorgioupolis.com\/wp-content\/uploads\/2022\/05\/awuarium-150x150.jpg\" alt=\"\"><br \/>\n\t\t\t\t\t\t\t\t\t\t\t<\/a><br \/>\n\t\t\t\t\t<a href=\"https:\/\/limnoupolis.gr\/\" target=\"_blank\" rel=\"noopener\"><br \/>\n\t\t\t\t\t\t\t\t\t\t\t\t\t<img decoding=\"async\" src=\"https:\/\/taxigeorgioupolis.com\/wp-content\/uploads\/2022\/05\/limnoupolis-150x150.jpg\" alt=\"\"><br \/>\n\t\t\t\t\t\t\t\t\t\t\t<\/a><br \/>\n\t\t\t\t\t<a href=\"https:\/\/www.botanical-park.com\/\" target=\"_blank\" rel=\"noopener\"><br \/>\n\t\t\t\t\t\t\t\t\t\t\t\t\t<img decoding=\"async\" src=\"https:\/\/taxigeorgioupolis.com\/wp-content\/uploads\/2022\/05\/Botanical-Park-of-Crete-4-150x150.jpg\" alt=\"\"><\/p>\n<p>Botanical Park Chania<\/p>\n<p>\t\t\t\t\t\t\t\t\t\t\t<\/a><br \/>\n\t\t\t\t\t<a href=\"https:\/\/www.ballos.gr\/\" target=\"_blank\" rel=\"noopener\"><br \/>\n\t\t\t\t\t\t\t\t\t\t\t\t\t<img decoding=\"async\" src=\"https:\/\/taxigeorgioupolis.com\/wp-content\/uploads\/2022\/05\/ballos-150x150.jpeg\" alt=\"\"><br \/>\n\t\t\t\t\t\t\t\t\t\t\t<\/a><br \/>\n\t\t\t\t\t<button type=\"button\"><\/button><br \/>\n\t\t\t\t\t<button type=\"button\"><\/button><\/p>\n","protected":false},"excerpt":{"rendered":"<p>\u00dcber uns Das Taxi-Unternehmen (Sygelos) ist ein Familienbetrieb, der 1974 von meinem Vater Iosif Syggelakis mit viel M\u00fche und Leidenschaft gegr\u00fcndet wurde. Es war das erste und einzige Taxi in Georgioupolis. Es begann mit einem Taxi und einer Menge Appetit, um jeden Tag unz\u00e4hlige Kunden zu bedienen. Im Jahr 2011 ging das Unternehmen in meine &hellip; <\/p>\n<p class=\"link-more\"><a href=\"https:\/\/taxigeorgioupolis.com\/de\/\" class=\"more-link\">Mehr <span class=\"screen-reader-text\">\u00fcber &#8222;Startseite&#8220; <\/span>Lesen<\/a><\/p>\n","protected":false},"author":1,"featured_media":0,"parent":0,"menu_order":0,"comment_status":"closed","ping_status":"closed","template":"page-templates\/homepage-builder-bb.php","meta":{"footnotes":""},"class_list":["post-128","page","type-page","status-publish","hentry"],"translation":{"provider":"WPGlobus","version":"3.0.0","language":"de","enabled_languages":["en","de","el"],"languages":{"en":{"title":true,"content":true,"excerpt":false},"de":{"title":true,"content":true,"excerpt":false},"el":{"title":true,"content":true,"excerpt":false}}},"yoast_head":"<!-- This site is optimized with the Yoast SEO plugin v25.6 - https:\/\/yoast.com\/wordpress\/plugins\/seo\/ -->\n<title>Startseite - Sigelos Taxi Service<\/title>\n<meta name=\"robots\" content=\"index, follow, max-snippet:-1, max-image-preview:large, max-video-preview:-1\" \/>\n<link rel=\"canonical\" href=\"https:\/\/taxigeorgioupolis.com\/\" \/>\n<meta property=\"og:locale\" content=\"de_DE\" \/>\n<meta property=\"og:type\" content=\"article\" \/>\n<meta property=\"og:title\" content=\"Taxi Georgioupolis Xristos Sigelakis\" \/>\n<meta property=\"og:url\" content=\"https:\/\/taxigeorgioupolis.com\/\" \/>\n<meta property=\"og:site_name\" content=\"Sigelos Taxi Service\" \/>\n<meta property=\"article:publisher\" content=\"https:\/\/www.facebook.com\/GEORGIOUPOLIS.CHRISTOS.SIGELOS.TAXI.SERVICE\" \/>\n<meta property=\"article:modified_time\" content=\"2023-03-23T14:15:38+00:00\" \/>\n<meta property=\"og:image\" content=\"https:\/\/taxigeorgioupolis.com\/wp-content\/uploads\/2022\/04\/277350490_377888944344692_7080766198128917302_n-240x300.jpg\" \/>\n\t<meta property=\"og:image:width\" content=\"1440\" \/>\n\t<meta property=\"og:image:height\" content=\"1800\" \/>\n\t<meta property=\"og:image:type\" content=\"image\/jpeg\" \/>\n<meta name=\"twitter:card\" content=\"summary_large_image\" \/>\n<meta name=\"twitter:label1\" content=\"Gesch\u00e4tzte Lesezeit\" \/>\n\t<meta name=\"twitter:data1\" content=\"13\u00a0Minuten\" \/>\n<script type=\"application\/ld+json\" class=\"yoast-schema-graph\">{\"@context\":\"https:\/\/schema.org\",\"@graph\":[{\"@type\":\"WebPage\",\"@id\":\"https:\/\/taxigeorgioupolis.com\/\",\"url\":\"https:\/\/taxigeorgioupolis.com\/\",\"name\":\"Startseite - Sigelos Taxi Service\",\"isPartOf\":{\"@id\":\"https:\/\/taxigeorgioupolis.com\/#website\"},\"primaryImageOfPage\":{\"@id\":\"https:\/\/taxigeorgioupolis.com\/#primaryimage\"},\"image\":{\"@id\":\"https:\/\/taxigeorgioupolis.com\/#primaryimage\"},\"thumbnailUrl\":\"https:\/\/taxigeorgioupolis.com\/wp-content\/uploads\/2022\/07\/Tripadvisor.png\",\"datePublished\":\"2022-03-23T14:43:33+00:00\",\"dateModified\":\"2023-03-23T14:15:38+00:00\",\"breadcrumb\":{\"@id\":\"https:\/\/taxigeorgioupolis.com\/#breadcrumb\"},\"inLanguage\":\"de\",\"potentialAction\":[{\"@type\":\"ReadAction\",\"target\":[\"https:\/\/taxigeorgioupolis.com\/\"]}]},{\"@type\":\"ImageObject\",\"inLanguage\":\"de\",\"@id\":\"https:\/\/taxigeorgioupolis.com\/#primaryimage\",\"url\":\"https:\/\/taxigeorgioupolis.com\/wp-content\/uploads\/2022\/07\/Tripadvisor.png\",\"contentUrl\":\"https:\/\/taxigeorgioupolis.com\/wp-content\/uploads\/2022\/07\/Tripadvisor.png\"},{\"@type\":\"BreadcrumbList\",\"@id\":\"https:\/\/taxigeorgioupolis.com\/#breadcrumb\",\"itemListElement\":[{\"@type\":\"ListItem\",\"position\":1,\"name\":\"Home\",\"item\":\"https:\/\/taxigeorgioupolis.com\/\"},{\"@type\":\"ListItem\",\"position\":2,\"name\":\"Home\"}]},{\"@type\":\"WebSite\",\"@id\":\"https:\/\/taxigeorgioupolis.com\/#website\",\"url\":\"https:\/\/taxigeorgioupolis.com\/\",\"name\":\"Sigelos Taxi Service\",\"description\":\"Schnell. Sicher. Zuverl&auml;ssig! Taxi Service und Flughafen Transfer in Georgioupolis, Kreta\",\"publisher\":{\"@id\":\"https:\/\/taxigeorgioupolis.com\/#organization\"},\"potentialAction\":[{\"@type\":\"SearchAction\",\"target\":{\"@type\":\"EntryPoint\",\"urlTemplate\":\"https:\/\/taxigeorgioupolis.com\/?s={search_term_string}\"},\"query-input\":{\"@type\":\"PropertyValueSpecification\",\"valueRequired\":true,\"valueName\":\"search_term_string\"}}],\"inLanguage\":\"de\"},{\"@type\":\"Organization\",\"@id\":\"https:\/\/taxigeorgioupolis.com\/#organization\",\"name\":\"Sigelos Taxi Service\",\"alternateName\":\"Taxi Georgioupolis\",\"url\":\"https:\/\/taxigeorgioupolis.com\/\",\"logo\":{\"@type\":\"ImageObject\",\"inLanguage\":\"de\",\"@id\":\"https:\/\/taxigeorgioupolis.com\/#\/schema\/logo\/image\/\",\"url\":\"https:\/\/taxigeorgioupolis.com\/wp-content\/uploads\/2022\/04\/cropped-Screenshot-2022-04-13-at-21.01.06.png\",\"contentUrl\":\"https:\/\/taxigeorgioupolis.com\/wp-content\/uploads\/2022\/04\/cropped-Screenshot-2022-04-13-at-21.01.06.png\",\"width\":512,\"height\":512,\"caption\":\"Sigelos Taxi Service\"},\"image\":{\"@id\":\"https:\/\/taxigeorgioupolis.com\/#\/schema\/logo\/image\/\"},\"sameAs\":[\"https:\/\/www.facebook.com\/GEORGIOUPOLIS.CHRISTOS.SIGELOS.TAXI.SERVICE\",\"https:\/\/www.instagram.com\/taxigeorgioupolis\/\"]}]}<\/script>\n<!-- \/ Yoast SEO plugin. -->","yoast_head_json":{"title":"Startseite - Sigelos Taxi Service","robots":{"index":"index","follow":"follow","max-snippet":"max-snippet:-1","max-image-preview":"max-image-preview:large","max-video-preview":"max-video-preview:-1"},"canonical":"https:\/\/taxigeorgioupolis.com\/","og_locale":"de_DE","og_type":"article","og_title":"Taxi Georgioupolis Xristos Sigelakis","og_url":"https:\/\/taxigeorgioupolis.com\/","og_site_name":"Sigelos Taxi Service","article_publisher":"https:\/\/www.facebook.com\/GEORGIOUPOLIS.CHRISTOS.SIGELOS.TAXI.SERVICE","article_modified_time":"2023-03-23T14:15:38+00:00","og_image":[{"width":1440,"height":1800,"url":"https:\/\/taxigeorgioupolis.com\/wp-content\/uploads\/2022\/04\/277350490_377888944344692_7080766198128917302_n-240x300.jpg","type":"image\/jpeg"}],"twitter_card":"summary_large_image","twitter_misc":{"Gesch\u00e4tzte Lesezeit":"13\u00a0Minuten"},"schema":{"@context":"https:\/\/schema.org","@graph":[{"@type":"WebPage","@id":"https:\/\/taxigeorgioupolis.com\/","url":"https:\/\/taxigeorgioupolis.com\/","name":"Startseite - Sigelos Taxi Service","isPartOf":{"@id":"https:\/\/taxigeorgioupolis.com\/#website"},"primaryImageOfPage":{"@id":"https:\/\/taxigeorgioupolis.com\/#primaryimage"},"image":{"@id":"https:\/\/taxigeorgioupolis.com\/#primaryimage"},"thumbnailUrl":"https:\/\/taxigeorgioupolis.com\/wp-content\/uploads\/2022\/07\/Tripadvisor.png","datePublished":"2022-03-23T14:43:33+00:00","dateModified":"2023-03-23T14:15:38+00:00","breadcrumb":{"@id":"https:\/\/taxigeorgioupolis.com\/#breadcrumb"},"inLanguage":"de","potentialAction":[{"@type":"ReadAction","target":["https:\/\/taxigeorgioupolis.com\/"]}]},{"@type":"ImageObject","inLanguage":"de","@id":"https:\/\/taxigeorgioupolis.com\/#primaryimage","url":"https:\/\/taxigeorgioupolis.com\/wp-content\/uploads\/2022\/07\/Tripadvisor.png","contentUrl":"https:\/\/taxigeorgioupolis.com\/wp-content\/uploads\/2022\/07\/Tripadvisor.png"},{"@type":"BreadcrumbList","@id":"https:\/\/taxigeorgioupolis.com\/#breadcrumb","itemListElement":[{"@type":"ListItem","position":1,"name":"Home","item":"https:\/\/taxigeorgioupolis.com\/"},{"@type":"ListItem","position":2,"name":"Home"}]},{"@type":"WebSite","@id":"https:\/\/taxigeorgioupolis.com\/#website","url":"https:\/\/taxigeorgioupolis.com\/","name":"Sigelos Taxi Service","description":"Schnell. Sicher. Zuverl&auml;ssig! Taxi Service und Flughafen Transfer in Georgioupolis, Kreta","publisher":{"@id":"https:\/\/taxigeorgioupolis.com\/#organization"},"potentialAction":[{"@type":"SearchAction","target":{"@type":"EntryPoint","urlTemplate":"https:\/\/taxigeorgioupolis.com\/?s={search_term_string}"},"query-input":{"@type":"PropertyValueSpecification","valueRequired":true,"valueName":"search_term_string"}}],"inLanguage":"de"},{"@type":"Organization","@id":"https:\/\/taxigeorgioupolis.com\/#organization","name":"Sigelos Taxi Service","alternateName":"Taxi Georgioupolis","url":"https:\/\/taxigeorgioupolis.com\/","logo":{"@type":"ImageObject","inLanguage":"de","@id":"https:\/\/taxigeorgioupolis.com\/#\/schema\/logo\/image\/","url":"https:\/\/taxigeorgioupolis.com\/wp-content\/uploads\/2022\/04\/cropped-Screenshot-2022-04-13-at-21.01.06.png","contentUrl":"https:\/\/taxigeorgioupolis.com\/wp-content\/uploads\/2022\/04\/cropped-Screenshot-2022-04-13-at-21.01.06.png","width":512,"height":512,"caption":"Sigelos Taxi Service"},"image":{"@id":"https:\/\/taxigeorgioupolis.com\/#\/schema\/logo\/image\/"},"sameAs":["https:\/\/www.facebook.com\/GEORGIOUPOLIS.CHRISTOS.SIGELOS.TAXI.SERVICE","https:\/\/www.instagram.com\/taxigeorgioupolis\/"]}]}},"featured_media_urls":[],"_links":{"self":[{"href":"https:\/\/taxigeorgioupolis.com\/de\/wp-json\/wp\/v2\/pages\/128","targetHints":{"allow":["GET"]}}],"collection":[{"href":"https:\/\/taxigeorgioupolis.com\/de\/wp-json\/wp\/v2\/pages"}],"about":[{"href":"https:\/\/taxigeorgioupolis.com\/de\/wp-json\/wp\/v2\/types\/page"}],"author":[{"embeddable":true,"href":"https:\/\/taxigeorgioupolis.com\/de\/wp-json\/wp\/v2\/users\/1"}],"replies":[{"embeddable":true,"href":"https:\/\/taxigeorgioupolis.com\/de\/wp-json\/wp\/v2\/comments?post=128"}],"version-history":[{"count":841,"href":"https:\/\/taxigeorgioupolis.com\/de\/wp-json\/wp\/v2\/pages\/128\/revisions"}],"predecessor-version":[{"id":1994,"href":"https:\/\/taxigeorgioupolis.com\/de\/wp-json\/wp\/v2\/pages\/128\/revisions\/1994"}],"wp:attachment":[{"href":"https:\/\/taxigeorgioupolis.com\/de\/wp-json\/wp\/v2\/media?parent=128"}],"curies":[{"name":"wp","href":"https:\/\/api.w.org\/{rel}","templated":true}]}}